{"id":365,"date":"2016-09-27T19:55:17","date_gmt":"2016-09-27T19:55:17","guid":{"rendered":"http:\/\/lwconsulting.es\/?page_id=365"},"modified":"2019-07-11T18:30:09","modified_gmt":"2019-07-11T18:30:09","slug":"descripcion-de-servicios","status":"publish","type":"page","link":"https:\/\/lwadvisers.com\/en\/desarrollo-mercado-chino-para-marcas-europeas\/descripcion-de-servicios\/","title":{"rendered":"Service Description"},"content":{"rendered":"<div class=\"wpb-content-wrapper\">[vc_row][vc_column width=&#8221;1\/4&#8243;]<div class=\"vc_custom_1491218309455 wpex-clr\"><a href=\"http:\/\/lwadvisers.com\/servicios\/desarrollo-mercado-chino-para-marcas-europeas\/descripcion-de-servicios\/\" class=\"vcex-button theme-button flat inline\" style=\"background:#e8e8e8;color:#000000;\" data-wpex-hover='{&quot;background&quot;:&quot;#d42223&quot;,&quot;color&quot;:&quot;#ffffff&quot;}' title=\"Descripci\u00f3n de servicios\"><span class=\"vcex-button-inner theme-button-inner\">Service Description<\/span><\/a><\/div> <div class=\"vc_custom_1491218320641 wpex-clr\"><a href=\"http:\/\/lwadvisers.com\/servicios\/desarrollo-mercado-chino-para-marcas-europeas\/propuesta-de-valor\/\" class=\"vcex-button theme-button flat inline\" style=\"background:#e8e8e8;color:#000000;\" data-wpex-hover='{&quot;background&quot;:&quot;#d42223&quot;,&quot;color&quot;:&quot;#ffffff&quot;}' title=\"Propuesta de valor\"><span class=\"vcex-button-inner theme-button-inner\">Value Proposition<\/span><\/a><\/div> <div class=\"vc_custom_1491218332097 wpex-clr\"><a href=\"http:\/\/lwadvisers.com\/servicios\/desarrollo-mercado-chino-para-marcas-europeas\/metodologia\/\" class=\"vcex-button theme-button flat inline\" style=\"background:#e8e8e8;color:#000000;\" data-wpex-hover='{&quot;background&quot;:&quot;#d42223&quot;,&quot;color&quot;:&quot;#ffffff&quot;}' title=\"Metodolog\u00eda de trabajo\"><span class=\"vcex-button-inner theme-button-inner\">Work Methodology<\/span><\/a><\/div> <div class=\"vc_custom_1491218348130 wpex-clr\"><a href=\"http:\/\/lwadvisers.com\/servicios\/desarrollo-mercado-chino-para-marcas-europeas\/perfil-de-clientes-y-sectores\/\" class=\"vcex-button theme-button flat inline\" style=\"background:#e8e8e8;color:#000000;\" data-wpex-hover='{&quot;background&quot;:&quot;#d42223&quot;,&quot;color&quot;:&quot;#ffffff&quot;}' title=\"Perfil de clientes y sectores\"><span class=\"vcex-button-inner theme-button-inner\">Client Profile and Sectors<\/span><\/a><\/div> [\/vc_column][vc_column width=&#8221;3\/4&#8243;][vc_column_text]Each company interested in entering or expanding into the Chinese market could be at different market development phase. We offer tailor made services including those mentioned below, although not limited to them, according to the specific needs of each client:[\/vc_column_text][vc_column_text]\n<h3><strong>1. Strategic market development plan <a href=\"http:\/\/lwadvisers.com\/wp-content\/uploads\/2016\/09\/services-description.jpg\"><img loading=\"lazy\" decoding=\"async\" class=\"alignright wp-image-1207\" src=\"http:\/\/lwadvisers.com\/wp-content\/uploads\/2016\/09\/services-description-300x300.jpg\" alt=\"LW Advisers Services\" width=\"200\" height=\"200\" srcset=\"https:\/\/lwadvisers.com\/wp-content\/uploads\/2016\/09\/services-description-300x300.jpg 300w, https:\/\/lwadvisers.com\/wp-content\/uploads\/2016\/09\/services-description-150x150.jpg 150w, https:\/\/lwadvisers.com\/wp-content\/uploads\/2016\/09\/services-description.jpg 650w\" sizes=\"(max-width: 200px) 100vw, 200px\" \/><\/a><\/strong><\/h3>\n<ul>\n<li>Market regulatory analysis<\/li>\n<li>Selling propositions according to the consumer demand<\/li>\n<li>Recommendations on the localization of products<\/li>\n<li>Channel analysis<\/li>\n<li>Commercial and marketing plan<\/li>\n<li>Geographic focus<\/li>\n<\/ul>\n<p><span style=\"border-radius: 2px; text-indent: 20px; width: auto; padding: 0px 4px 0px 0px; text-align: center; font: bold 11px\/20px 'Helvetica Neue',Helvetica,sans-serif; color: #ffffff; background: #bd081c no-repeat scroll 3px 50% \/ 14px 14px; position: absolute; opacity: 1; z-index: 8675309; display: none; cursor: pointer; top: 38px; left: 847px;\">Guardar<\/span><\/p>\n<p><span style=\"border-radius: 2px; text-indent: 20px; width: auto; padding: 0px 4px 0px 0px; text-align: center; font: bold 11px\/20px 'Helvetica Neue',Helvetica,sans-serif; color: #ffffff; background: #bd081c no-repeat scroll 3px 50% \/ 14px 14px; position: absolute; opacity: 1; z-index: 8675309; display: none; cursor: pointer; top: 29px; left: 539px;\">Guardar<\/span><\/p>\n<p><span style=\"border-radius: 2px; text-indent: 20px; width: auto; padding: 0px 4px 0px 0px; text-align: center; font: bold 11px\/20px 'Helvetica Neue',Helvetica,sans-serif; color: #ffffff; background: #bd081c no-repeat scroll 3px 50% \/ 14px 14px; position: absolute; opacity: 1; z-index: 8675309; display: none; cursor: pointer;\">Guardar<\/span><\/p>\n<p><span style=\"border-radius: 2px; text-indent: 20px; width: auto; padding: 0px 4px 0px 0px; text-align: center; font: bold 11px\/20px 'Helvetica Neue',Helvetica,sans-serif; color: #ffffff; background: #bd081c no-repeat scroll 3px 50% \/ 14px 14px; position: absolute; opacity: 1; z-index: 8675309; display: none; cursor: pointer; top: 38px; left: 714px;\">Guardar<\/span><\/p>\n<p><span style=\"border-radius: 2px; text-indent: 20px; width: auto; padding: 0px 4px 0px 0px; text-align: center; font: bold 11px\/20px 'Helvetica Neue',Helvetica,sans-serif; color: #ffffff; background: #bd081c no-repeat scroll 3px 50% \/ 14px 14px; position: absolute; opacity: 1; z-index: 8675309; display: none; cursor: pointer; top: 38px; left: 699px;\">Guardar<\/span>[\/vc_column_text][vc_row_inner][vc_column_inner][vc_column_text]\n<h3><strong>2. Execution and\/or supervision of the business plan <\/strong><\/h3>\n<p><span style=\"text-decoration: underline;\">2.1 Channel monitoring with local presence<br \/>\n<\/span><\/p>\n<ul>\n<li>To indentify, validate and reach agreements with distributors or big accounts in China.<\/li>\n<li>To support, manage and monitor the work carried out by the Chinese partners from our offices in China.<\/li>\n<\/ul>\n[\/vc_column_text][\/vc_column_inner][\/vc_row_inner][vc_row_inner][vc_column_inner width=&#8221;1\/2&#8243;][vc_single_image image=&#8221;578&#8243;][\/vc_column_inner][vc_column_inner width=&#8221;1\/2&#8243;][vc_column_text]<span style=\"text-decoration: underline;\">2.2 Operational services and market know-how transfer<br \/>\n<\/span><\/p>\n<ul>\n<li>Assistance in the certification of products if necessary.<\/li>\n<li>Follow-up on logistics and sales issues.<\/li>\n<li>Incident solving at real time<\/li>\n<li>Post-sales services.<\/li>\n<li>Collection of clients and distributors\u2019 feedback.<\/li>\n<\/ul>\n<p><span style=\"text-decoration: underline;\">2.3 Execution and supervision of marketing and sales activities<br \/>\n<\/span><\/p>\n<ul>\n<li>Ad-hoc support of promotion activities in the points of sales.<\/li>\n<li>Support during or participation in relevant sector trade fairs held in China.<\/li>\n<\/ul>\n[\/vc_column_text][\/vc_column_inner][\/vc_row_inner][\/vc_column][\/vc_row][vc_column][\/vc_column][vc_column][\/vc_column][vc_column][\/vc_column]\n<\/div>","protected":false},"excerpt":{"rendered":"<p>[vc_row][vc_column width=&#8221;1\/4&#8243;][\/vc_column][vc_column width=&#8221;3\/4&#8243;][vc_column_text]Each company interested in entering or expanding into the Chinese market could be at different market development phase. We offer tailor made services including those mentioned below, although not limited to them, according to the specific needs of each client:[\/vc_column_text][vc_column_text] 1. Strategic market development plan Market regulatory analysis Selling propositions according to the&hellip;<\/p>\n","protected":false},"author":1,"featured_media":0,"parent":237,"menu_order":0,"comment_status":"closed","ping_status":"closed","template":"","meta":{"_exactmetrics_skip_tracking":false,"_exactmetrics_sitenote_active":false,"_exactmetrics_sitenote_note":"","_exactmetrics_sitenote_category":0,"footnotes":""},"class_list":["post-365","page","type-page","status-publish","hentry","entry","no-media"],"yoast_head":"<!-- This site is optimized with the Yoast SEO plugin v23.5 - https:\/\/yoast.com\/wordpress\/plugins\/seo\/ -->\n<title>Service Description - LW Advisers<\/title>\n<meta name=\"description\" content=\"Plan estrat\u00e9gico de desarrollo de mercado en China y ejecuci\u00f3n y supervisi\u00f3n del plan de negocio\" \/>\n<meta name=\"robots\" content=\"index, follow, max-snippet:-1, max-image-preview:large, max-video-preview:-1\" \/>\n<link rel=\"canonical\" href=\"https:\/\/lwadvisers.com\/en\/desarrollo-mercado-chino-para-marcas-europeas\/descripcion-de-servicios\/\" \/>\n<meta property=\"og:locale\" content=\"en_US\" \/>\n<meta property=\"og:type\" content=\"article\" \/>\n<meta property=\"og:title\" content=\"Service Description - LW Advisers\" \/>\n<meta property=\"og:description\" content=\"Plan estrat\u00e9gico de desarrollo de mercado en China y ejecuci\u00f3n y supervisi\u00f3n del plan de negocio\" \/>\n<meta property=\"og:url\" content=\"https:\/\/lwadvisers.com\/en\/desarrollo-mercado-chino-para-marcas-europeas\/descripcion-de-servicios\/\" \/>\n<meta property=\"og:site_name\" content=\"LW Advisers\" \/>\n<meta property=\"article:modified_time\" content=\"2019-07-11T18:30:09+00:00\" \/>\n<meta property=\"og:image\" content=\"http:\/\/lwconsulting.es\/wp-content\/uploads\/2016\/09\/descripcion-de-servicios.jpg\" \/>\n<meta name=\"twitter:card\" content=\"summary_large_image\" \/>\n<meta name=\"twitter:label1\" content=\"Est. reading time\" \/>\n\t<meta name=\"twitter:data1\" content=\"5 minutes\" \/>\n<script type=\"application\/ld+json\" class=\"yoast-schema-graph\">{\"@context\":\"https:\/\/schema.org\",\"@graph\":[{\"@type\":\"WebPage\",\"@id\":\"https:\/\/lwadvisers.com\/en\/desarrollo-mercado-chino-para-marcas-europeas\/descripcion-de-servicios\/\",\"url\":\"https:\/\/lwadvisers.com\/en\/desarrollo-mercado-chino-para-marcas-europeas\/descripcion-de-servicios\/\",\"name\":\"Service Description - LW Advisers\",\"isPartOf\":{\"@id\":\"https:\/\/lwadvisers.com\/en\/#website\"},\"primaryImageOfPage\":{\"@id\":\"https:\/\/lwadvisers.com\/en\/desarrollo-mercado-chino-para-marcas-europeas\/descripcion-de-servicios\/#primaryimage\"},\"image\":{\"@id\":\"https:\/\/lwadvisers.com\/zh\/desarrollo-mercado-chino-para-marcas-europeas\/descripcion-de-servicios\/#primaryimage\"},\"thumbnailUrl\":\"http:\/\/lwconsulting.es\/wp-content\/uploads\/2016\/09\/descripcion-de-servicios.jpg\",\"datePublished\":\"2016-09-27T19:55:17+00:00\",\"dateModified\":\"2019-07-11T18:30:09+00:00\",\"description\":\"Plan estrat\u00e9gico de desarrollo de mercado en China y ejecuci\u00f3n y supervisi\u00f3n del plan de negocio\",\"breadcrumb\":{\"@id\":\"https:\/\/lwadvisers.com\/en\/desarrollo-mercado-chino-para-marcas-europeas\/descripcion-de-servicios\/#breadcrumb\"},\"inLanguage\":\"en-US\",\"potentialAction\":[{\"@type\":\"ReadAction\",\"target\":[[\"https:\/\/lwadvisers.com\/en\/desarrollo-mercado-chino-para-marcas-europeas\/descripcion-de-servicios\/\"]]}]},{\"@type\":\"ImageObject\",\"inLanguage\":\"en-US\",\"@id\":\"https:\/\/lwadvisers.com\/en\/desarrollo-mercado-chino-para-marcas-europeas\/descripcion-de-servicios\/#primaryimage\",\"url\":\"http:\/\/lwconsulting.es\/wp-content\/uploads\/2016\/09\/descripcion-de-servicios.jpg\",\"contentUrl\":\"http:\/\/lwconsulting.es\/wp-content\/uploads\/2016\/09\/descripcion-de-servicios.jpg\"},{\"@type\":\"BreadcrumbList\",\"@id\":\"https:\/\/lwadvisers.com\/en\/desarrollo-mercado-chino-para-marcas-europeas\/descripcion-de-servicios\/#breadcrumb\",\"itemListElement\":[{\"@type\":\"ListItem\",\"position\":1,\"name\":\"Portada\",\"item\":\"https:\/\/lwadvisers.com\/en\/\"},{\"@type\":\"ListItem\",\"position\":2,\"name\":\"\u4e2d\u56fd\u5e02\u573a\u62d3\u5c55\",\"item\":\"https:\/\/lwadvisers.com\/en\/desarrollo-mercado-chino-para-marcas-europeas\/\"},{\"@type\":\"ListItem\",\"position\":3,\"name\":\"\u670d\u52a1\u4ecb\u7ecd\"}]},{\"@type\":\"WebSite\",\"@id\":\"https:\/\/lwadvisers.com\/en\/#website\",\"url\":\"https:\/\/lwadvisers.com\/en\/\",\"name\":\"LW Advisers\",\"description\":\"Link the World Advisers\",\"publisher\":{\"@id\":\"https:\/\/lwadvisers.com\/en\/#organization\"},\"potentialAction\":[{\"@type\":\"SearchAction\",\"target\":{\"@type\":\"EntryPoint\",\"urlTemplate\":\"https:\/\/lwadvisers.com\/en\/?s={search_term_string}\"},\"query-input\":{\"@type\":\"PropertyValueSpecification\",\"valueRequired\":true,\"valueName\":\"search_term_string\"}}],\"inLanguage\":\"en-US\"},{\"@type\":\"Organization\",\"@id\":\"https:\/\/lwadvisers.com\/en\/#organization\",\"name\":\"LW Advisers\",\"url\":\"https:\/\/lwadvisers.com\/en\/\",\"logo\":{\"@type\":\"ImageObject\",\"inLanguage\":\"en-US\",\"@id\":\"https:\/\/lwadvisers.com\/en\/#\/schema\/logo\/image\/\",\"url\":\"https:\/\/lwadvisers.com\/wp-content\/uploads\/2016\/10\/lwadvisers-logo-circulo.png\",\"contentUrl\":\"https:\/\/lwadvisers.com\/wp-content\/uploads\/2016\/10\/lwadvisers-logo-circulo.png\",\"width\":270,\"height\":246,\"caption\":\"LW Advisers\"},\"image\":{\"@id\":\"https:\/\/lwadvisers.com\/en\/#\/schema\/logo\/image\/\"}}]}<\/script>\n<!-- \/ Yoast SEO plugin. -->","yoast_head_json":{"title":"Service Description - LW Advisers","description":"Plan estrat\u00e9gico de desarrollo de mercado en China y ejecuci\u00f3n y supervisi\u00f3n del plan de negocio","robots":{"index":"index","follow":"follow","max-snippet":"max-snippet:-1","max-image-preview":"max-image-preview:large","max-video-preview":"max-video-preview:-1"},"canonical":"https:\/\/lwadvisers.com\/en\/desarrollo-mercado-chino-para-marcas-europeas\/descripcion-de-servicios\/","og_locale":"en_US","og_type":"article","og_title":"Service Description - LW Advisers","og_description":"Plan estrat\u00e9gico de desarrollo de mercado en China y ejecuci\u00f3n y supervisi\u00f3n del plan de negocio","og_url":"https:\/\/lwadvisers.com\/en\/desarrollo-mercado-chino-para-marcas-europeas\/descripcion-de-servicios\/","og_site_name":"LW Advisers","article_modified_time":"2019-07-11T18:30:09+00:00","og_image":[{"url":"http:\/\/lwconsulting.es\/wp-content\/uploads\/2016\/09\/descripcion-de-servicios.jpg"}],"twitter_card":"summary_large_image","twitter_misc":{"Est. reading time":"5 minutes"},"schema":{"@context":"https:\/\/schema.org","@graph":[{"@type":"WebPage","@id":"https:\/\/lwadvisers.com\/en\/desarrollo-mercado-chino-para-marcas-europeas\/descripcion-de-servicios\/","url":"https:\/\/lwadvisers.com\/en\/desarrollo-mercado-chino-para-marcas-europeas\/descripcion-de-servicios\/","name":"Service Description - LW Advisers","isPartOf":{"@id":"https:\/\/lwadvisers.com\/en\/#website"},"primaryImageOfPage":{"@id":"https:\/\/lwadvisers.com\/en\/desarrollo-mercado-chino-para-marcas-europeas\/descripcion-de-servicios\/#primaryimage"},"image":{"@id":"https:\/\/lwadvisers.com\/zh\/desarrollo-mercado-chino-para-marcas-europeas\/descripcion-de-servicios\/#primaryimage"},"thumbnailUrl":"http:\/\/lwconsulting.es\/wp-content\/uploads\/2016\/09\/descripcion-de-servicios.jpg","datePublished":"2016-09-27T19:55:17+00:00","dateModified":"2019-07-11T18:30:09+00:00","description":"Plan estrat\u00e9gico de desarrollo de mercado en China y ejecuci\u00f3n y supervisi\u00f3n del plan de negocio","breadcrumb":{"@id":"https:\/\/lwadvisers.com\/en\/desarrollo-mercado-chino-para-marcas-europeas\/descripcion-de-servicios\/#breadcrumb"},"inLanguage":"en-US","potentialAction":[{"@type":"ReadAction","target":[["https:\/\/lwadvisers.com\/en\/desarrollo-mercado-chino-para-marcas-europeas\/descripcion-de-servicios\/"]]}]},{"@type":"ImageObject","inLanguage":"en-US","@id":"https:\/\/lwadvisers.com\/en\/desarrollo-mercado-chino-para-marcas-europeas\/descripcion-de-servicios\/#primaryimage","url":"http:\/\/lwconsulting.es\/wp-content\/uploads\/2016\/09\/descripcion-de-servicios.jpg","contentUrl":"http:\/\/lwconsulting.es\/wp-content\/uploads\/2016\/09\/descripcion-de-servicios.jpg"},{"@type":"BreadcrumbList","@id":"https:\/\/lwadvisers.com\/en\/desarrollo-mercado-chino-para-marcas-europeas\/descripcion-de-servicios\/#breadcrumb","itemListElement":[{"@type":"ListItem","position":1,"name":"Portada","item":"https:\/\/lwadvisers.com\/en\/"},{"@type":"ListItem","position":2,"name":"\u4e2d\u56fd\u5e02\u573a\u62d3\u5c55","item":"https:\/\/lwadvisers.com\/en\/desarrollo-mercado-chino-para-marcas-europeas\/"},{"@type":"ListItem","position":3,"name":"\u670d\u52a1\u4ecb\u7ecd"}]},{"@type":"WebSite","@id":"https:\/\/lwadvisers.com\/en\/#website","url":"https:\/\/lwadvisers.com\/en\/","name":"LW Advisers","description":"Link the World Advisers","publisher":{"@id":"https:\/\/lwadvisers.com\/en\/#organization"},"potentialAction":[{"@type":"SearchAction","target":{"@type":"EntryPoint","urlTemplate":"https:\/\/lwadvisers.com\/en\/?s={search_term_string}"},"query-input":{"@type":"PropertyValueSpecification","valueRequired":true,"valueName":"search_term_string"}}],"inLanguage":"en-US"},{"@type":"Organization","@id":"https:\/\/lwadvisers.com\/en\/#organization","name":"LW Advisers","url":"https:\/\/lwadvisers.com\/en\/","logo":{"@type":"ImageObject","inLanguage":"en-US","@id":"https:\/\/lwadvisers.com\/en\/#\/schema\/logo\/image\/","url":"https:\/\/lwadvisers.com\/wp-content\/uploads\/2016\/10\/lwadvisers-logo-circulo.png","contentUrl":"https:\/\/lwadvisers.com\/wp-content\/uploads\/2016\/10\/lwadvisers-logo-circulo.png","width":270,"height":246,"caption":"LW Advisers"},"image":{"@id":"https:\/\/lwadvisers.com\/en\/#\/schema\/logo\/image\/"}}]}},"amp_enabled":true,"_links":{"self":[{"href":"https:\/\/lwadvisers.com\/en\/wp-json\/wp\/v2\/pages\/365"}],"collection":[{"href":"https:\/\/lwadvisers.com\/en\/wp-json\/wp\/v2\/pages"}],"about":[{"href":"https:\/\/lwadvisers.com\/en\/wp-json\/wp\/v2\/types\/page"}],"author":[{"embeddable":true,"href":"https:\/\/lwadvisers.com\/en\/wp-json\/wp\/v2\/users\/1"}],"replies":[{"embeddable":true,"href":"https:\/\/lwadvisers.com\/en\/wp-json\/wp\/v2\/comments?post=365"}],"version-history":[{"count":101,"href":"https:\/\/lwadvisers.com\/en\/wp-json\/wp\/v2\/pages\/365\/revisions"}],"predecessor-version":[{"id":1575,"href":"https:\/\/lwadvisers.com\/en\/wp-json\/wp\/v2\/pages\/365\/revisions\/1575"}],"up":[{"embeddable":true,"href":"https:\/\/lwadvisers.com\/en\/wp-json\/wp\/v2\/pages\/237"}],"wp:attachment":[{"href":"https:\/\/lwadvisers.com\/en\/wp-json\/wp\/v2\/media?parent=365"}],"curies":[{"name":"wp","href":"https:\/\/api.w.org\/{rel}","templated":true}]}}