{"id":365,"date":"2016-09-27T19:55:17","date_gmt":"2016-09-27T19:55:17","guid":{"rendered":"http:\/\/lwconsulting.es\/?page_id=365"},"modified":"2019-07-11T18:30:09","modified_gmt":"2019-07-11T18:30:09","slug":"descripcion-de-servicios","status":"publish","type":"page","link":"https:\/\/lwadvisers.com\/zh\/desarrollo-mercado-chino-para-marcas-europeas\/descripcion-de-servicios\/","title":{"rendered":"\u670d\u52a1\u4ecb\u7ecd"},"content":{"rendered":"<div class=\"wpb-content-wrapper\">[vc_row][vc_column width=&#8221;1\/4&#8243;]<a href=\"http:\/\/lwadvisers.com\/zh\/desarrollo-mercado-chino-para-marcas-europeas\/descripcion-de-servicios\/\" class=\"vcex-button theme-button align-left inline\" style=\"background:#e8e8e8;color:#000000;\" data-wpex-hover='{&quot;background&quot;:&quot;#d42223&quot;,&quot;color&quot;:&quot;#ffffff&quot;}'><span class=\"vcex-button-inner theme-button-inner\">\u670d\u52a1\u4ecb\u7ecd<\/span><\/a> [\/vc_column][vc_column width=&#8221;3\/4&#8243;][vc_column_text]\u6709\u5174\u8da3\u8fdb\u5165\u6216\u8fdb\u4e00\u6b65\u53d1\u5c55\u4e2d\u56fd\u5e02\u573a\u7684\u516c\u53f8\u7686\u5904\u4e8e\u4e0d\u540c\u7684\u5e02\u573a\u5f00\u53d1\u9636\u6bb5\u3002 \u6839\u636e\u6bcf\u4e2a\u5ba2\u6237\u7684\u5177\u4f53\u9700\u6c42\uff0c\u6211\u4eec\u63d0\u4f9b\u91cf\u8eab\u5b9a\u5236\u4e0b\u5217\u670d\u52a1\uff0c\u4f46\u4e0d\u9650\u4e8e\u6b64\u3002<\/p>\n<h3>1.<span style=\"font-family: Arial Unicode MS;\"><span style=\"font-family: SimSun;\">\u5e02\u573a\u53d1\u5c55\u6218\u7565\u8ba1\u5212<a href=\"http:\/\/lwadvisers.com\/wp-content\/uploads\/2016\/09\/services-description.jpg\"><img loading=\"lazy\" decoding=\"async\" class=\"alignright wp-image-1207\" src=\"http:\/\/lwadvisers.com\/wp-content\/uploads\/2016\/09\/services-description-300x300.jpg\" alt=\"LW Advisers Services\" width=\"200\" height=\"200\" srcset=\"https:\/\/lwadvisers.com\/wp-content\/uploads\/2016\/09\/services-description-300x300.jpg 300w, https:\/\/lwadvisers.com\/wp-content\/uploads\/2016\/09\/services-description-150x150.jpg 150w, https:\/\/lwadvisers.com\/wp-content\/uploads\/2016\/09\/services-description.jpg 650w\" sizes=\"(max-width: 200px) 100vw, 200px\" \/><\/a><\/span><\/span><\/h3>\n<ul>\n<li><span style=\"font-family: Arial Unicode MS;\"><span style=\"font-family: SimSun;\">\u4e2d\u56fd\u5e02\u573a\u7684\u6cd5\u89c4\u5206\u6790<\/span><\/span><\/li>\n<li><span style=\"font-family: Arial Unicode MS;\"><span style=\"font-family: SimSun;\">\u7b26\u5408\u6d88\u8d39\u8005\u9700\u6c42\u7684\u9500\u552e\u5b9a\u4f4d\u7b56\u7565<\/span><\/span><\/li>\n<li><span style=\"font-family: Arial Unicode MS;\"><span style=\"font-family: SimSun;\">\u4ea7\u54c1\u672c\u5730\u5316\u5efa\u8bae<\/span><\/span><\/li>\n<li><span style=\"font-family: Arial Unicode MS;\"><span style=\"font-family: SimSun;\">\u6e20\u9053\u5206\u6790<\/span><\/span><\/li>\n<li><span style=\"font-family: Arial Unicode MS;\"><span style=\"font-family: SimSun;\">\u5546\u4e1a\u548c\u8425\u9500\u8ba1\u5212<\/span><\/span><\/li>\n<li><span style=\"font-family: Arial Unicode MS;\"><span style=\"font-family: SimSun;\">\u533a\u57df\u62d3\u5c55\u7b56\u5212<\/span><\/span><\/li>\n<\/ul>\n[\/vc_column_text][vc_row_inner][vc_column_inner][vc_column_text]\n<h3>2. <span style=\"font-family: Arial Unicode MS;\"><span style=\"font-family: SimSun;\">\u5546\u4e1a\u8ba1\u5212\u7684\u6267\u884c\u53ca\u76d1\u7763<\/span><\/span><\/h3>\n<p>2.1<span style=\"font-family: Arial Unicode MS;\"><span style=\"font-family: SimSun;\">\u901a\u8fc7\u5f53\u5730\u56e2\u961f\u76d1\u7763\u6e20\u9053<\/span><\/span><\/p>\n<ul>\n<li><span style=\"font-family: Arial Unicode MS;\"><span style=\"font-family: SimSun;\">\u5bfb\u627e\u3001\u8fc7\u6ee4\u4e2d\u56fd\u7ecf\u9500\u5546\u6216\u5927\u5ba2\u6237\uff0c\u5e76\u4e0e\u5176\u8fbe\u6210\u534f\u8bae\u3002<\/span><\/span><\/li>\n<li><span style=\"font-family: Arial Unicode MS;\"><span style=\"font-family: SimSun;\">\u901a\u8fc7\u5f53\u5730\u56e2\u961f\u652f\u6301\u3001\u7ba1\u7406\u548c\u76d1\u7763\u4e2d\u56fd\u6e20\u9053\u4f19\u4f34\u5728\u4e2d\u56fd\u5e02\u573a\u6267\u884c\u7684\u5408\u4f5c\u65b9\u6848\u3002<\/span><\/span><\/li>\n<\/ul>\n[\/vc_column_text][\/vc_column_inner][\/vc_row_inner][vc_row_inner][vc_column_inner width=&#8221;1\/2&#8243;][vc_single_image image=&#8221;578&#8243;][\/vc_column_inner][vc_column_inner width=&#8221;1\/2&#8243;][vc_column_text]2.2<span style=\"font-family: Arial Unicode MS;\"><span style=\"font-family: SimSun;\">\u8fd0\u8425\u670d\u52a1\u548c\u5e02\u573a\u6280\u672f\u8f6c\u8ba9<\/span><\/span><\/p>\n<ul>\n<li><span style=\"font-family: Arial Unicode MS;\"><span style=\"font-family: SimSun;\">\u534f\u52a9\u4e13\u4e1a\u7684\u670d\u52a1\u516c\u53f8\u8fdb\u884c\u4ea7\u54c1\u8ba4\u8bc1<\/span><\/span><\/li>\n<li><span style=\"font-family: Arial Unicode MS;\"><span style=\"font-family: SimSun;\">\u8ddf\u8fdb\u7269\u6d41\u548c\u9500\u552e\u4e8b\u5b9c<\/span><\/span><\/li>\n<li><span style=\"font-family: Arial Unicode MS;\"><span style=\"font-family: SimSun;\">\u5b9e\u65f6\u89e3\u51b3\u4e8b\u4ef6\u95ee\u9898<\/span><\/span><\/li>\n<li><span style=\"font-family: Arial Unicode MS;\"><span style=\"font-family: SimSun;\">\u534f\u52a9\u552e\u540e\u670d\u52a1<\/span><\/span><\/li>\n<li><span style=\"font-family: Arial Unicode MS;\"><span style=\"font-family: SimSun;\">\u6536\u96c6\u5ba2\u6237\u548c\u7ecf\u9500\u5546\u7684\u53cd\u9988<\/span><\/span><\/li>\n<\/ul>\n<p>2.3<span style=\"font-family: Arial Unicode MS;\"><span style=\"font-family: SimSun;\">\u8425\u9500\u548c\u9500\u552e\u6d3b\u52a8\u7684\u6267\u884c\u548c\u7ef4\u62a4<\/span><\/span><\/p>\n<ul>\n<li><span style=\"font-family: Arial Unicode MS;\"><span style=\"font-family: SimSun;\">\u9500\u552e\u7f51\u70b9\u4fc3\u9500\u6d3b\u52a8\u7684\u7279\u522b\u652f\u6301<\/span><\/span><\/li>\n<li><span style=\"font-family: Arial Unicode MS;\"><span style=\"font-family: SimSun;\">\u4e2d\u56fd\u4e3e\u529e\u7684\u76f8\u5173\u90e8\u95e8\u4ea4\u6613\u4f1a\u7684\u652f\u6301<\/span><\/span><\/li>\n<\/ul>\n[\/vc_column_text][\/vc_column_inner][\/vc_row_inner][\/vc_column][\/vc_row]\n<\/div>","protected":false},"excerpt":{"rendered":"<p>[vc_row][vc_column width=&#8221;1\/4&#8243;][\/vc_column]&hellip;<\/p>\n","protected":false},"author":1,"featured_media":0,"parent":237,"menu_order":0,"comment_status":"closed","ping_status":"closed","template":"","meta":{"_exactmetrics_skip_tracking":false,"_exactmetrics_sitenote_active":false,"_exactmetrics_sitenote_note":"","_exactmetrics_sitenote_category":0,"footnotes":""},"class_list":["post-365","page","type-page","status-publish","hentry","entry","no-media"],"yoast_head":"<!-- This site is optimized with the Yoast SEO plugin v23.5 - https:\/\/yoast.com\/wordpress\/plugins\/seo\/ -->\n<title>\u670d\u52a1\u4ecb\u7ecd - LW Advisers<\/title>\n<meta name=\"description\" content=\"Plan estrat\u00e9gico de desarrollo de mercado en China y ejecuci\u00f3n y supervisi\u00f3n del plan de negocio\" \/>\n<meta name=\"robots\" content=\"index, follow, max-snippet:-1, max-image-preview:large, max-video-preview:-1\" \/>\n<link rel=\"canonical\" href=\"https:\/\/lwadvisers.com\/zh\/desarrollo-mercado-chino-para-marcas-europeas\/descripcion-de-servicios\/\" \/>\n<meta property=\"og:locale\" content=\"zh_CN\" \/>\n<meta property=\"og:type\" content=\"article\" \/>\n<meta property=\"og:title\" content=\"\u670d\u52a1\u4ecb\u7ecd - LW Advisers\" \/>\n<meta property=\"og:description\" content=\"Plan estrat\u00e9gico de desarrollo de mercado en China y ejecuci\u00f3n y supervisi\u00f3n del plan de negocio\" \/>\n<meta property=\"og:url\" content=\"https:\/\/lwadvisers.com\/zh\/desarrollo-mercado-chino-para-marcas-europeas\/descripcion-de-servicios\/\" \/>\n<meta property=\"og:site_name\" content=\"LW Advisers\" \/>\n<meta property=\"article:modified_time\" content=\"2019-07-11T18:30:09+00:00\" \/>\n<meta property=\"og:image\" content=\"http:\/\/lwconsulting.es\/wp-content\/uploads\/2016\/09\/descripcion-de-servicios.jpg\" \/>\n<meta name=\"twitter:card\" content=\"summary_large_image\" \/>\n<meta name=\"twitter:label1\" content=\"\u9884\u8ba1\u9605\u8bfb\u65f6\u95f4\" \/>\n\t<meta name=\"twitter:data1\" content=\"5 \u5206\" \/>\n<script type=\"application\/ld+json\" class=\"yoast-schema-graph\">{\"@context\":\"https:\/\/schema.org\",\"@graph\":[{\"@type\":\"WebPage\",\"@id\":\"https:\/\/lwadvisers.com\/zh\/desarrollo-mercado-chino-para-marcas-europeas\/descripcion-de-servicios\/\",\"url\":\"https:\/\/lwadvisers.com\/zh\/desarrollo-mercado-chino-para-marcas-europeas\/descripcion-de-servicios\/\",\"name\":\"\u670d\u52a1\u4ecb\u7ecd - LW Advisers\",\"isPartOf\":{\"@id\":\"https:\/\/lwadvisers.com\/zh\/#website\"},\"primaryImageOfPage\":{\"@id\":\"https:\/\/lwadvisers.com\/zh\/desarrollo-mercado-chino-para-marcas-europeas\/descripcion-de-servicios\/#primaryimage\"},\"image\":{\"@id\":\"https:\/\/lwadvisers.com\/zh\/desarrollo-mercado-chino-para-marcas-europeas\/descripcion-de-servicios\/#primaryimage\"},\"thumbnailUrl\":\"http:\/\/lwconsulting.es\/wp-content\/uploads\/2016\/09\/descripcion-de-servicios.jpg\",\"datePublished\":\"2016-09-27T19:55:17+00:00\",\"dateModified\":\"2019-07-11T18:30:09+00:00\",\"description\":\"Plan estrat\u00e9gico de desarrollo de mercado en China y ejecuci\u00f3n y supervisi\u00f3n del plan de negocio\",\"breadcrumb\":{\"@id\":\"https:\/\/lwadvisers.com\/zh\/desarrollo-mercado-chino-para-marcas-europeas\/descripcion-de-servicios\/#breadcrumb\"},\"inLanguage\":\"zh-Hans\",\"potentialAction\":[{\"@type\":\"ReadAction\",\"target\":[[\"https:\/\/lwadvisers.com\/zh\/desarrollo-mercado-chino-para-marcas-europeas\/descripcion-de-servicios\/\"]]}]},{\"@type\":\"ImageObject\",\"inLanguage\":\"zh-Hans\",\"@id\":\"https:\/\/lwadvisers.com\/zh\/desarrollo-mercado-chino-para-marcas-europeas\/descripcion-de-servicios\/#primaryimage\",\"url\":\"http:\/\/lwconsulting.es\/wp-content\/uploads\/2016\/09\/descripcion-de-servicios.jpg\",\"contentUrl\":\"http:\/\/lwconsulting.es\/wp-content\/uploads\/2016\/09\/descripcion-de-servicios.jpg\"},{\"@type\":\"BreadcrumbList\",\"@id\":\"https:\/\/lwadvisers.com\/zh\/desarrollo-mercado-chino-para-marcas-europeas\/descripcion-de-servicios\/#breadcrumb\",\"itemListElement\":[{\"@type\":\"ListItem\",\"position\":1,\"name\":\"Portada\",\"item\":\"https:\/\/lwadvisers.com\/zh\/\"},{\"@type\":\"ListItem\",\"position\":2,\"name\":\"\u4e2d\u56fd\u5e02\u573a\u62d3\u5c55\",\"item\":\"https:\/\/lwadvisers.com\/zh\/desarrollo-mercado-chino-para-marcas-europeas\/\"},{\"@type\":\"ListItem\",\"position\":3,\"name\":\"\u670d\u52a1\u4ecb\u7ecd\"}]},{\"@type\":\"WebSite\",\"@id\":\"https:\/\/lwadvisers.com\/zh\/#website\",\"url\":\"https:\/\/lwadvisers.com\/zh\/\",\"name\":\"LW Advisers\",\"description\":\"Link the World Advisers\",\"publisher\":{\"@id\":\"https:\/\/lwadvisers.com\/zh\/#organization\"},\"potentialAction\":[{\"@type\":\"SearchAction\",\"target\":{\"@type\":\"EntryPoint\",\"urlTemplate\":\"https:\/\/lwadvisers.com\/zh\/?s={search_term_string}\"},\"query-input\":{\"@type\":\"PropertyValueSpecification\",\"valueRequired\":true,\"valueName\":\"search_term_string\"}}],\"inLanguage\":\"zh-Hans\"},{\"@type\":\"Organization\",\"@id\":\"https:\/\/lwadvisers.com\/zh\/#organization\",\"name\":\"LW Advisers\",\"url\":\"https:\/\/lwadvisers.com\/zh\/\",\"logo\":{\"@type\":\"ImageObject\",\"inLanguage\":\"zh-Hans\",\"@id\":\"https:\/\/lwadvisers.com\/zh\/#\/schema\/logo\/image\/\",\"url\":\"https:\/\/lwadvisers.com\/wp-content\/uploads\/2016\/10\/lwadvisers-logo-circulo.png\",\"contentUrl\":\"https:\/\/lwadvisers.com\/wp-content\/uploads\/2016\/10\/lwadvisers-logo-circulo.png\",\"width\":270,\"height\":246,\"caption\":\"LW Advisers\"},\"image\":{\"@id\":\"https:\/\/lwadvisers.com\/zh\/#\/schema\/logo\/image\/\"}}]}<\/script>\n<!-- \/ Yoast SEO plugin. -->","yoast_head_json":{"title":"\u670d\u52a1\u4ecb\u7ecd - LW Advisers","description":"Plan estrat\u00e9gico de desarrollo de mercado en China y ejecuci\u00f3n y supervisi\u00f3n del plan de negocio","robots":{"index":"index","follow":"follow","max-snippet":"max-snippet:-1","max-image-preview":"max-image-preview:large","max-video-preview":"max-video-preview:-1"},"canonical":"https:\/\/lwadvisers.com\/zh\/desarrollo-mercado-chino-para-marcas-europeas\/descripcion-de-servicios\/","og_locale":"zh_CN","og_type":"article","og_title":"\u670d\u52a1\u4ecb\u7ecd - LW Advisers","og_description":"Plan estrat\u00e9gico de desarrollo de mercado en China y ejecuci\u00f3n y supervisi\u00f3n del plan de negocio","og_url":"https:\/\/lwadvisers.com\/zh\/desarrollo-mercado-chino-para-marcas-europeas\/descripcion-de-servicios\/","og_site_name":"LW Advisers","article_modified_time":"2019-07-11T18:30:09+00:00","og_image":[{"url":"http:\/\/lwconsulting.es\/wp-content\/uploads\/2016\/09\/descripcion-de-servicios.jpg"}],"twitter_card":"summary_large_image","twitter_misc":{"\u9884\u8ba1\u9605\u8bfb\u65f6\u95f4":"5 \u5206"},"schema":{"@context":"https:\/\/schema.org","@graph":[{"@type":"WebPage","@id":"https:\/\/lwadvisers.com\/zh\/desarrollo-mercado-chino-para-marcas-europeas\/descripcion-de-servicios\/","url":"https:\/\/lwadvisers.com\/zh\/desarrollo-mercado-chino-para-marcas-europeas\/descripcion-de-servicios\/","name":"\u670d\u52a1\u4ecb\u7ecd - LW Advisers","isPartOf":{"@id":"https:\/\/lwadvisers.com\/zh\/#website"},"primaryImageOfPage":{"@id":"https:\/\/lwadvisers.com\/zh\/desarrollo-mercado-chino-para-marcas-europeas\/descripcion-de-servicios\/#primaryimage"},"image":{"@id":"https:\/\/lwadvisers.com\/zh\/desarrollo-mercado-chino-para-marcas-europeas\/descripcion-de-servicios\/#primaryimage"},"thumbnailUrl":"http:\/\/lwconsulting.es\/wp-content\/uploads\/2016\/09\/descripcion-de-servicios.jpg","datePublished":"2016-09-27T19:55:17+00:00","dateModified":"2019-07-11T18:30:09+00:00","description":"Plan estrat\u00e9gico de desarrollo de mercado en China y ejecuci\u00f3n y supervisi\u00f3n del plan de negocio","breadcrumb":{"@id":"https:\/\/lwadvisers.com\/zh\/desarrollo-mercado-chino-para-marcas-europeas\/descripcion-de-servicios\/#breadcrumb"},"inLanguage":"zh-Hans","potentialAction":[{"@type":"ReadAction","target":[["https:\/\/lwadvisers.com\/zh\/desarrollo-mercado-chino-para-marcas-europeas\/descripcion-de-servicios\/"]]}]},{"@type":"ImageObject","inLanguage":"zh-Hans","@id":"https:\/\/lwadvisers.com\/zh\/desarrollo-mercado-chino-para-marcas-europeas\/descripcion-de-servicios\/#primaryimage","url":"http:\/\/lwconsulting.es\/wp-content\/uploads\/2016\/09\/descripcion-de-servicios.jpg","contentUrl":"http:\/\/lwconsulting.es\/wp-content\/uploads\/2016\/09\/descripcion-de-servicios.jpg"},{"@type":"BreadcrumbList","@id":"https:\/\/lwadvisers.com\/zh\/desarrollo-mercado-chino-para-marcas-europeas\/descripcion-de-servicios\/#breadcrumb","itemListElement":[{"@type":"ListItem","position":1,"name":"Portada","item":"https:\/\/lwadvisers.com\/zh\/"},{"@type":"ListItem","position":2,"name":"\u4e2d\u56fd\u5e02\u573a\u62d3\u5c55","item":"https:\/\/lwadvisers.com\/zh\/desarrollo-mercado-chino-para-marcas-europeas\/"},{"@type":"ListItem","position":3,"name":"\u670d\u52a1\u4ecb\u7ecd"}]},{"@type":"WebSite","@id":"https:\/\/lwadvisers.com\/zh\/#website","url":"https:\/\/lwadvisers.com\/zh\/","name":"LW Advisers","description":"Link the World Advisers","publisher":{"@id":"https:\/\/lwadvisers.com\/zh\/#organization"},"potentialAction":[{"@type":"SearchAction","target":{"@type":"EntryPoint","urlTemplate":"https:\/\/lwadvisers.com\/zh\/?s={search_term_string}"},"query-input":{"@type":"PropertyValueSpecification","valueRequired":true,"valueName":"search_term_string"}}],"inLanguage":"zh-Hans"},{"@type":"Organization","@id":"https:\/\/lwadvisers.com\/zh\/#organization","name":"LW Advisers","url":"https:\/\/lwadvisers.com\/zh\/","logo":{"@type":"ImageObject","inLanguage":"zh-Hans","@id":"https:\/\/lwadvisers.com\/zh\/#\/schema\/logo\/image\/","url":"https:\/\/lwadvisers.com\/wp-content\/uploads\/2016\/10\/lwadvisers-logo-circulo.png","contentUrl":"https:\/\/lwadvisers.com\/wp-content\/uploads\/2016\/10\/lwadvisers-logo-circulo.png","width":270,"height":246,"caption":"LW Advisers"},"image":{"@id":"https:\/\/lwadvisers.com\/zh\/#\/schema\/logo\/image\/"}}]}},"amp_enabled":true,"_links":{"self":[{"href":"https:\/\/lwadvisers.com\/zh\/wp-json\/wp\/v2\/pages\/365"}],"collection":[{"href":"https:\/\/lwadvisers.com\/zh\/wp-json\/wp\/v2\/pages"}],"about":[{"href":"https:\/\/lwadvisers.com\/zh\/wp-json\/wp\/v2\/types\/page"}],"author":[{"embeddable":true,"href":"https:\/\/lwadvisers.com\/zh\/wp-json\/wp\/v2\/users\/1"}],"replies":[{"embeddable":true,"href":"https:\/\/lwadvisers.com\/zh\/wp-json\/wp\/v2\/comments?post=365"}],"version-history":[{"count":101,"href":"https:\/\/lwadvisers.com\/zh\/wp-json\/wp\/v2\/pages\/365\/revisions"}],"predecessor-version":[{"id":1575,"href":"https:\/\/lwadvisers.com\/zh\/wp-json\/wp\/v2\/pages\/365\/revisions\/1575"}],"up":[{"embeddable":true,"href":"https:\/\/lwadvisers.com\/zh\/wp-json\/wp\/v2\/pages\/237"}],"wp:attachment":[{"href":"https:\/\/lwadvisers.com\/zh\/wp-json\/wp\/v2\/media?parent=365"}],"curies":[{"name":"wp","href":"https:\/\/api.w.org\/{rel}","templated":true}]}}